{"id":941,"date":"2024-12-07T18:05:15","date_gmt":"2024-12-07T17:05:15","guid":{"rendered":"https:\/\/solidarite-anorexie.fr\/?page_id=941"},"modified":"2025-03-03T15:16:04","modified_gmt":"2025-03-03T14:16:04","slug":"solidarite-anorexie-boulimie-auvergne","status":"publish","type":"page","link":"https:\/\/solidarite-anorexie.fr\/index.php\/solidarite-anorexie-boulimie-auvergne\/","title":{"rendered":"SAB Auvergne"},"content":{"rendered":"\n<p><\/p>\n\n\n\n<h2 class=\"wp-block-heading\">                      <strong>\u00e0 Aurillac<\/strong><\/h2>\n\n\n\n<p>\/<strong>&nbsp;<\/strong><br><br><strong _istranslated=\"1\"> SAB Auvergne est en cr\u00e9ation \u00e0 Aurillac<\/strong><\/p>\n\n\n\n<p><\/p>\n\n\n\n<p><strong>Vous pouvez nous \u00e9crire : solidarite.anorexie-15@laposte.net <\/strong><br><strong>Vous pouvez nous t\u00e9l\u00e9phoner : 06 68 63 31 40<\/strong><\/p>\n\n\n\n<p><\/p>\n\n\n\n<p><strong>&nbsp;<\/strong><strong _istranslated=\"1\">Pour que SAB Auvergne fonctionne \u00e0 Aurillac<\/strong><br><font _mstmutation=\"1\" _msttexthash=\"21881236\" _msthash=\"1736\">, nous recherchons des b\u00e9n\u00e9voles pour former un groupe solidaire et actif, accueillant et motiv\u00e9. N\u2019h\u00e9sitez pas \u00e0 nous rejoindre ! Vous serez utile ! <\/font><br><font _mstmutation=\"1\" _msttexthash=\"6549764\" _msthash=\"1737\">Vous \u00eates nombreux \u00e0 vouloir qu\u2019existe cette association dans le Cantal !!<\/font><\/p>\n\n\n\n<p><strong>l&rsquo;enjeu est important<\/strong> : si nous voulons aider notre soeur, notre fr\u00e8re, nos parents, nos proches, nos ami(e) \u00e0 trouver les chemins de leur libert\u00e9, \u00e0 reprendre espoir dans une vie apais\u00e9e, riche et positive, \u00e0 retrouver la confiance en soi et dans les autres.<\/p>\n\n\n\n<p><strong>l&rsquo;association SAB<\/strong> <strong>Auvergne<\/strong>&nbsp;est ouverte \u00e0 toutes et \u00e0 tous, pour les personnes souffrant d&rsquo;anorexie, boulimie et autres troubles alimentaires, les parents, les familles, les proches, les amis, sans oublier les personnes qui se sont lib\u00e9r\u00e9es de ces souffrances physiques et psychologiques.<\/p>\n\n\n\n<p><font _mstmutation=\"1\" _msttexthash=\"22284132\" _msthash=\"173\">Vous \u00eates des t\u00e9moins directs ou indirects : des personnes en souffrance, des parents, des grands-parents, des proches, des conjoints, des ami(e)<strong _istranslated=\"1\" _msttexthash=\"15249\" _msthash=\"545\" _mstmutation=\"1\">s<\/strong>. <font _mstmutation=\"1\" _msttexthash=\"1903057\" _msthash=\"440\" _istranslated=\"1\">Vous \u00eates lib\u00e9r\u00e9es de cette prison, ou vous allez mieux.<\/font><\/font><br><font _mstmutation=\"1\"><\/font><\/p>\n\n\n\n<p><font _mstmutation=\"1\" _msttexthash=\"45275607\" _msthash=\"172\"><strong _istranslated=\"1\" _msttexthash=\"2169271\" _msthash=\"206\" _mstmutation=\"1\">Auj<\/strong><font _mstmutation=\"1\" _msttexthash=\"10101\" _msthash=\"229\" _istranslated=\"1\">o<\/font><strong _istranslated=\"1\" _msttexthash=\"1500044\" _msthash=\"206\" _mstmutation=\"1\">urd\u2019hui, \u00e0 Aurillac<\/strong>, <font _mstmutation=\"1\" _msttexthash=\"35693489\" _msthash=\"230\" _istranslated=\"1\"> un autre temps, pour accueillir, entendre, \u00e9changer, informer, accompagner et soutenir les personnes et les familles qui soudain vont se trouver dans le chaos, la souffrance,<\/font><br> l\u2019isolement !<\/font><\/p>\n\n\n\n<p><strong _istranslated=\"1\">Aujourd\u2019hui, \u00e0 Aurillac, <\/strong> un autre temps, pour travailler en r\u00e9seau avec les professionnels du d\u00e9partement 15, avec les \u00e9tablissements de soins.<\/p>\n\n\n\n<p><\/p>\n\n\n\n\n\n<p><\/p>\n","protected":false},"excerpt":{"rendered":"<p>\u00e0 Aurillac \/&nbsp; SAB Auvergne est en cr\u00e9ation \u00e0 Aurillac Vous pouvez nous \u00e9crire : solidarite.anorexie-15@laposte.net Vous pouvez nous t\u00e9l\u00e9phoner : 06 68 63 31 40 &nbsp;Pour que SAB Auvergne fonctionne \u00e0 Aurillac, nous recherchons des b\u00e9n\u00e9voles pour former un groupe solidaire et actif, accueillant et motiv\u00e9. N\u2019h\u00e9sitez pas \u00e0 nous rejoindre ! Vous serez [&hellip;]<\/p>\n","protected":false},"author":20,"featured_media":0,"parent":0,"menu_order":0,"comment_status":"closed","ping_status":"closed","template":"","meta":{"footnotes":""},"class_list":["post-941","page","type-page","status-publish","hentry"],"yoast_head":"<!-- This site is optimized with the Yoast SEO plugin v27.4 - https:\/\/yoast.com\/product\/yoast-seo-wordpress\/ -->\n<title>SAB Auvergne - Usab<\/title>\n<meta name=\"robots\" content=\"index, follow, max-snippet:-1, max-image-preview:large, max-video-preview:-1\" \/>\n<link rel=\"canonical\" href=\"https:\/\/solidarite-anorexie.fr\/index.php\/solidarite-anorexie-boulimie-auvergne\/\" \/>\n<meta property=\"og:locale\" content=\"fr_FR\" \/>\n<meta property=\"og:type\" content=\"article\" \/>\n<meta property=\"og:title\" content=\"SAB Auvergne - Usab\" \/>\n<meta property=\"og:description\" content=\"\u00e0 Aurillac \/&nbsp; SAB Auvergne est en cr\u00e9ation \u00e0 Aurillac Vous pouvez nous \u00e9crire : solidarite.anorexie-15@laposte.net Vous pouvez nous t\u00e9l\u00e9phoner : 06 68 63 31 40 &nbsp;Pour que SAB Auvergne fonctionne \u00e0 Aurillac, nous recherchons des b\u00e9n\u00e9voles pour former un groupe solidaire et actif, accueillant et motiv\u00e9. N\u2019h\u00e9sitez pas \u00e0 nous rejoindre ! Vous serez [&hellip;]\" \/>\n<meta property=\"og:url\" content=\"https:\/\/solidarite-anorexie.fr\/index.php\/solidarite-anorexie-boulimie-auvergne\/\" \/>\n<meta property=\"og:site_name\" content=\"Usab\" \/>\n<meta property=\"article:modified_time\" content=\"2025-03-03T14:16:04+00:00\" \/>\n<meta name=\"twitter:card\" content=\"summary_large_image\" \/>\n<meta name=\"twitter:label1\" content=\"Dur\u00e9e de lecture estim\u00e9e\" \/>\n\t<meta name=\"twitter:data1\" content=\"2 minutes\" \/>\n<script type=\"application\/ld+json\" class=\"yoast-schema-graph\">{\"@context\":\"https:\\\/\\\/schema.org\",\"@graph\":[{\"@type\":\"WebPage\",\"@id\":\"https:\\\/\\\/solidarite-anorexie.fr\\\/index.php\\\/solidarite-anorexie-boulimie-auvergne\\\/\",\"url\":\"https:\\\/\\\/solidarite-anorexie.fr\\\/index.php\\\/solidarite-anorexie-boulimie-auvergne\\\/\",\"name\":\"SAB Auvergne - Usab\",\"isPartOf\":{\"@id\":\"https:\\\/\\\/solidarite-anorexie.fr\\\/#website\"},\"datePublished\":\"2024-12-07T17:05:15+00:00\",\"dateModified\":\"2025-03-03T14:16:04+00:00\",\"breadcrumb\":{\"@id\":\"https:\\\/\\\/solidarite-anorexie.fr\\\/index.php\\\/solidarite-anorexie-boulimie-auvergne\\\/#breadcrumb\"},\"inLanguage\":\"fr-FR\",\"potentialAction\":[{\"@type\":\"ReadAction\",\"target\":[\"https:\\\/\\\/solidarite-anorexie.fr\\\/index.php\\\/solidarite-anorexie-boulimie-auvergne\\\/\"]}]},{\"@type\":\"BreadcrumbList\",\"@id\":\"https:\\\/\\\/solidarite-anorexie.fr\\\/index.php\\\/solidarite-anorexie-boulimie-auvergne\\\/#breadcrumb\",\"itemListElement\":[{\"@type\":\"ListItem\",\"position\":1,\"name\":\"Accueil\",\"item\":\"https:\\\/\\\/solidarite-anorexie.fr\\\/\"},{\"@type\":\"ListItem\",\"position\":2,\"name\":\"SAB Auvergne\"}]},{\"@type\":\"WebSite\",\"@id\":\"https:\\\/\\\/solidarite-anorexie.fr\\\/#website\",\"url\":\"https:\\\/\\\/solidarite-anorexie.fr\\\/\",\"name\":\"Usab\",\"description\":\"Union Solidarit\u00e9 Anorexie Boulimie\",\"publisher\":{\"@id\":\"https:\\\/\\\/solidarite-anorexie.fr\\\/#organization\"},\"potentialAction\":[{\"@type\":\"SearchAction\",\"target\":{\"@type\":\"EntryPoint\",\"urlTemplate\":\"https:\\\/\\\/solidarite-anorexie.fr\\\/?s={search_term_string}\"},\"query-input\":{\"@type\":\"PropertyValueSpecification\",\"valueRequired\":true,\"valueName\":\"search_term_string\"}}],\"inLanguage\":\"fr-FR\"},{\"@type\":\"Organization\",\"@id\":\"https:\\\/\\\/solidarite-anorexie.fr\\\/#organization\",\"name\":\"Usab\",\"url\":\"https:\\\/\\\/solidarite-anorexie.fr\\\/\",\"logo\":{\"@type\":\"ImageObject\",\"inLanguage\":\"fr-FR\",\"@id\":\"https:\\\/\\\/solidarite-anorexie.fr\\\/#\\\/schema\\\/logo\\\/image\\\/\",\"url\":\"http:\\\/\\\/solidarite-anorexie.fr\\\/wp-content\\\/uploads\\\/2024\\\/03\\\/logo-standard-USAB.jpg\",\"contentUrl\":\"http:\\\/\\\/solidarite-anorexie.fr\\\/wp-content\\\/uploads\\\/2024\\\/03\\\/logo-standard-USAB.jpg\",\"width\":512,\"height\":512,\"caption\":\"Usab\"},\"image\":{\"@id\":\"https:\\\/\\\/solidarite-anorexie.fr\\\/#\\\/schema\\\/logo\\\/image\\\/\"}}]}<\/script>\n<!-- \/ Yoast SEO plugin. -->","yoast_head_json":{"title":"SAB Auvergne - Usab","robots":{"index":"index","follow":"follow","max-snippet":"max-snippet:-1","max-image-preview":"max-image-preview:large","max-video-preview":"max-video-preview:-1"},"canonical":"https:\/\/solidarite-anorexie.fr\/index.php\/solidarite-anorexie-boulimie-auvergne\/","og_locale":"fr_FR","og_type":"article","og_title":"SAB Auvergne - Usab","og_description":"\u00e0 Aurillac \/&nbsp; SAB Auvergne est en cr\u00e9ation \u00e0 Aurillac Vous pouvez nous \u00e9crire : solidarite.anorexie-15@laposte.net Vous pouvez nous t\u00e9l\u00e9phoner : 06 68 63 31 40 &nbsp;Pour que SAB Auvergne fonctionne \u00e0 Aurillac, nous recherchons des b\u00e9n\u00e9voles pour former un groupe solidaire et actif, accueillant et motiv\u00e9. N\u2019h\u00e9sitez pas \u00e0 nous rejoindre ! Vous serez [&hellip;]","og_url":"https:\/\/solidarite-anorexie.fr\/index.php\/solidarite-anorexie-boulimie-auvergne\/","og_site_name":"Usab","article_modified_time":"2025-03-03T14:16:04+00:00","twitter_card":"summary_large_image","twitter_misc":{"Dur\u00e9e de lecture estim\u00e9e":"2 minutes"},"schema":{"@context":"https:\/\/schema.org","@graph":[{"@type":"WebPage","@id":"https:\/\/solidarite-anorexie.fr\/index.php\/solidarite-anorexie-boulimie-auvergne\/","url":"https:\/\/solidarite-anorexie.fr\/index.php\/solidarite-anorexie-boulimie-auvergne\/","name":"SAB Auvergne - Usab","isPartOf":{"@id":"https:\/\/solidarite-anorexie.fr\/#website"},"datePublished":"2024-12-07T17:05:15+00:00","dateModified":"2025-03-03T14:16:04+00:00","breadcrumb":{"@id":"https:\/\/solidarite-anorexie.fr\/index.php\/solidarite-anorexie-boulimie-auvergne\/#breadcrumb"},"inLanguage":"fr-FR","potentialAction":[{"@type":"ReadAction","target":["https:\/\/solidarite-anorexie.fr\/index.php\/solidarite-anorexie-boulimie-auvergne\/"]}]},{"@type":"BreadcrumbList","@id":"https:\/\/solidarite-anorexie.fr\/index.php\/solidarite-anorexie-boulimie-auvergne\/#breadcrumb","itemListElement":[{"@type":"ListItem","position":1,"name":"Accueil","item":"https:\/\/solidarite-anorexie.fr\/"},{"@type":"ListItem","position":2,"name":"SAB Auvergne"}]},{"@type":"WebSite","@id":"https:\/\/solidarite-anorexie.fr\/#website","url":"https:\/\/solidarite-anorexie.fr\/","name":"Usab","description":"Union Solidarit\u00e9 Anorexie Boulimie","publisher":{"@id":"https:\/\/solidarite-anorexie.fr\/#organization"},"potentialAction":[{"@type":"SearchAction","target":{"@type":"EntryPoint","urlTemplate":"https:\/\/solidarite-anorexie.fr\/?s={search_term_string}"},"query-input":{"@type":"PropertyValueSpecification","valueRequired":true,"valueName":"search_term_string"}}],"inLanguage":"fr-FR"},{"@type":"Organization","@id":"https:\/\/solidarite-anorexie.fr\/#organization","name":"Usab","url":"https:\/\/solidarite-anorexie.fr\/","logo":{"@type":"ImageObject","inLanguage":"fr-FR","@id":"https:\/\/solidarite-anorexie.fr\/#\/schema\/logo\/image\/","url":"http:\/\/solidarite-anorexie.fr\/wp-content\/uploads\/2024\/03\/logo-standard-USAB.jpg","contentUrl":"http:\/\/solidarite-anorexie.fr\/wp-content\/uploads\/2024\/03\/logo-standard-USAB.jpg","width":512,"height":512,"caption":"Usab"},"image":{"@id":"https:\/\/solidarite-anorexie.fr\/#\/schema\/logo\/image\/"}}]}},"_links":{"self":[{"href":"https:\/\/solidarite-anorexie.fr\/index.php\/wp-json\/wp\/v2\/pages\/941","targetHints":{"allow":["GET"]}}],"collection":[{"href":"https:\/\/solidarite-anorexie.fr\/index.php\/wp-json\/wp\/v2\/pages"}],"about":[{"href":"https:\/\/solidarite-anorexie.fr\/index.php\/wp-json\/wp\/v2\/types\/page"}],"author":[{"embeddable":true,"href":"https:\/\/solidarite-anorexie.fr\/index.php\/wp-json\/wp\/v2\/users\/20"}],"replies":[{"embeddable":true,"href":"https:\/\/solidarite-anorexie.fr\/index.php\/wp-json\/wp\/v2\/comments?post=941"}],"version-history":[{"count":10,"href":"https:\/\/solidarite-anorexie.fr\/index.php\/wp-json\/wp\/v2\/pages\/941\/revisions"}],"predecessor-version":[{"id":991,"href":"https:\/\/solidarite-anorexie.fr\/index.php\/wp-json\/wp\/v2\/pages\/941\/revisions\/991"}],"wp:attachment":[{"href":"https:\/\/solidarite-anorexie.fr\/index.php\/wp-json\/wp\/v2\/media?parent=941"}],"curies":[{"name":"wp","href":"https:\/\/api.w.org\/{rel}","templated":true}]}}